{"id":58,"date":"2024-12-29T07:01:51","date_gmt":"2024-12-29T06:01:51","guid":{"rendered":"https:\/\/hivatiiremington.com\/?page_id=58"},"modified":"2024-12-29T07:04:35","modified_gmt":"2024-12-29T06:04:35","slug":"about-me","status":"publish","type":"page","link":"https:\/\/hivatiiremington.com\/index.php\/about-me\/","title":{"rendered":"ABOUT ME"},"content":{"rendered":"\t\t<div data-elementor-type=\"wp-page\" data-elementor-id=\"58\" class=\"elementor elementor-58\">\n\t\t\t\t<div class=\"elementor-element elementor-element-e21bfbe e-flex e-con-boxed e-con e-parent\" data-id=\"e21bfbe\" data-element_type=\"container\">\n\t\t\t\t\t<div class=\"e-con-inner\">\n\t\t\t\t<div class=\"elementor-element elementor-element-2023b29 elementor-widget elementor-widget-heading\" data-id=\"2023b29\" data-element_type=\"widget\" data-widget_type=\"heading.default\">\n\t\t\t\t<div class=\"elementor-widget-container\">\n\t\t\t\t\t<h2 class=\"elementor-heading-title elementor-size-default\">\u00c0 propos de Ruaragi Hivatii Remington<\/h2>\t\t\t\t<\/div>\n\t\t\t\t<\/div>\n\t\t\t\t<div class=\"elementor-element elementor-element-bc992eb elementor-widget elementor-widget-text-editor\" data-id=\"bc992eb\" data-element_type=\"widget\" data-widget_type=\"text-editor.default\">\n\t\t\t\t<div class=\"elementor-widget-container\">\n\t\t\t\t\t\t\t\t\t<p><strong>Ia ora na e maeva!<\/strong> Je suis <strong>Ruaragi de Hivatii Remington<\/strong>, sp\u00e9cialis\u00e9e en <strong>formation professionnelle<\/strong> et en <strong>conciergerie de voyages<\/strong>. Depuis 2021, mon objectif est d\u2019aider les <strong>employ\u00e9s<\/strong> et <strong>entreprises<\/strong> \u00e0 <strong>am\u00e9liorer leurs comp\u00e9tences linguistiques<\/strong> en <strong>Anglais professionnel<\/strong>, tout en offrant des services de <strong>conciergerie de voyages haut de gamme<\/strong>, principalement pour des voyages vers le <strong>Japon<\/strong>.<\/p>\t\t\t\t\t\t\t\t<\/div>\n\t\t\t\t<\/div>\n\t\t\t\t<div class=\"elementor-element elementor-element-6c72bdd elementor-widget elementor-widget-heading\" data-id=\"6c72bdd\" data-element_type=\"widget\" data-widget_type=\"heading.default\">\n\t\t\t\t<div class=\"elementor-widget-container\">\n\t\t\t\t\t<h2 class=\"elementor-heading-title elementor-size-default\"><h3>Mon parcours et expertise<span style=\"color: var( --e-global-color-primary );font-family: var( --e-global-typography-primary-font-family ), Sans-serif;font-size: var( --e-global-typography-primary-font-size );font-weight: var( --e-global-typography-primary-font-weight );letter-spacing: var( --e-global-typography-primary-letter-spacing );text-align: var(--text-align)\"><\/span><\/h3><\/h2>\t\t\t\t<\/div>\n\t\t\t\t<\/div>\n\t\t\t\t<div class=\"elementor-element elementor-element-7453494 elementor-widget elementor-widget-text-editor\" data-id=\"7453494\" data-element_type=\"widget\" data-widget_type=\"text-editor.default\">\n\t\t\t\t<div class=\"elementor-widget-container\">\n\t\t\t\t\t\t\t\t\t<p>Je suis passionn\u00e9e par l&#8217;<strong>\u00e9ducation<\/strong> et les <strong>voyages<\/strong>, et ma m\u00e9thode repose sur un <strong>accompagnement personnalis\u00e9<\/strong> et un engagement constant vers l&#8217;<strong>excellence<\/strong>. Gr\u00e2ce \u00e0 mon exp\u00e9rience, j&#8217;ai d\u00e9velopp\u00e9 une approche unique d&#8217;<strong>apprentissage<\/strong> et d&#8217;<strong>accompagnement<\/strong>, qui permet \u00e0 mes clients d&#8217;atteindre des r\u00e9sultats <strong>concrets<\/strong>, <strong>mesurables<\/strong> et <strong>durables<\/strong>.<\/p><p>Depuis le d\u00e9but de mon activit\u00e9 en 2021, j&#8217;ai accumul\u00e9 plus de <strong>2000 heures de formation<\/strong> (d\u00e9cembre 2024), en collaborant avec des <strong>\u00e9tablissements prestigieux<\/strong> dans le secteur du <strong>tourisme de luxe<\/strong>, tels que le <strong>Conrad Bora Bora Nui<\/strong>, le <strong>Four Seasons Bora Bora<\/strong>, l&#8217;<strong>InterContinental Bora Bora Le Moana Resort<\/strong>, le <strong>St James Restaurant<\/strong> et <strong>Les D\u00e9lices de Bora Bora<\/strong>. Cette exp\u00e9rience m&#8217;a permis de comprendre en profondeur les <strong>besoins sp\u00e9cifiques<\/strong> du secteur du <strong>tourisme de luxe<\/strong>, me permettant ainsi d&#8217;adapter mes services pour offrir une <strong>exp\u00e9rience<\/strong> v\u00e9ritablement <strong>exceptionnelle<\/strong> \u00e0 mes clients.<\/p><p>En parall\u00e8le, j&#8217;accompagne \u00e9galement des <strong>particuliers<\/strong> souhaitant <strong>d\u00e9velopper leurs comp\u00e9tences<\/strong> et <strong>\u00e9voluer dans leur carri\u00e8re<\/strong>, ou simplement avoir la possibilit\u00e9 de <strong>voyager sereinement<\/strong> dans des pays o\u00f9 l&#8217;<strong>Anglais<\/strong> est la langue de communication principale. Mon approche permet \u00e0 chacun de se sentir <strong>autonome<\/strong>, <strong>confiant<\/strong> et pr\u00eat \u00e0 saisir de nouvelles opportunit\u00e9s, que ce soit pour un d\u00e9veloppement professionnel ou personnel.<\/p>\t\t\t\t\t\t\t\t<\/div>\n\t\t\t\t<\/div>\n\t\t\t\t<div class=\"elementor-element elementor-element-c6a3d44 elementor-widget elementor-widget-heading\" data-id=\"c6a3d44\" data-element_type=\"widget\" data-widget_type=\"heading.default\">\n\t\t\t\t<div class=\"elementor-widget-container\">\n\t\t\t\t\t<h2 class=\"elementor-heading-title elementor-size-default\"><h3>Mes domaines d'expertise<span style=\"color: var( --e-global-color-primary );font-family: var( --e-global-typography-primary-font-family ), Sans-serif;font-size: var( --e-global-typography-primary-font-size );letter-spacing: var( --e-global-typography-primary-letter-spacing );text-align: var(--text-align)\"><\/span><\/h3><\/h2>\t\t\t\t<\/div>\n\t\t\t\t<\/div>\n\t\t\t\t<div class=\"elementor-element elementor-element-580080f elementor-widget elementor-widget-text-editor\" data-id=\"580080f\" data-element_type=\"widget\" data-widget_type=\"text-editor.default\">\n\t\t\t\t<div class=\"elementor-widget-container\">\n\t\t\t\t\t\t\t\t\t<p>Je propose des services dans plusieurs domaines cl\u00e9s :<\/p>\n<ol>\n<li>\n<p><strong>Formation en Anglais professionnel<\/strong> : Que cela soit pour des <strong>professionnels, <\/strong>des <strong>entreprises <\/strong>ou des<strong> particuliers<\/strong>, je vous aide \u00e0 ma\u00eetriser l&#8217;<strong>Anglais<\/strong> dans un contexte professionnel, en mettant l&#8217;accent sur la <strong>communication fluide<\/strong> et la <strong>comp\u00e9tence linguistique<\/strong> dans votre domaine sp\u00e9cifique.<\/p>\n<\/li>\n<li>\n<p><strong>Initiation en Reo Tahiti et en Fran\u00e7ais<\/strong> : Je propose des <strong>initiations<\/strong> \u00e0 la <strong>langue Reo Tahiti<\/strong> et au <strong>Fran\u00e7ais<\/strong>. Ces formations sont sp\u00e9cialement con\u00e7ues pour ceux qui souhaitent acqu\u00e9rir les bases de ces langues et s&#8217;immerger dans les cultures locales.<\/p>\n<\/li>\n<li>\n<p><strong>Luxury Attitude<\/strong> : J&#8217;offre une <strong>formation en Luxury Attitude<\/strong>, ax\u00e9e sur l\u2019acquisition de comp\u00e9tences <strong>exceptionnelles<\/strong> en service \u00e0 la client\u00e8le dans le secteur du <strong>tourisme de luxe<\/strong>. Cette formation permet aux professionnels d\u2019offrir un service <strong>haut de gamme<\/strong>, en mettant l&#8217;accent sur l&#8217;excellence et la rigueur.<\/p>\n<\/li>\n<li>\n<p><strong>Conciergerie de voyages<\/strong> : En tant que <strong>concierge de voyages<\/strong>, je m&#8217;occupe de l&#8217;organisation de <strong>voyages sur mesure<\/strong> pour des <strong>groupes<\/strong> ou des <strong>particuliers<\/strong>, principalement vers le <strong>Japon<\/strong>, avec ou sans accompagnement. Je cr\u00e9e des <strong>itin\u00e9raires personnalis\u00e9s<\/strong> et m&#8217;assure que chaque d\u00e9tail de votre <strong>voyage<\/strong> est parfaitement organis\u00e9 pour offrir une exp\u00e9rience <strong>unique<\/strong> et <strong>inoubliable<\/strong>.<\/p>\n<\/li>\n<li>\n<p><strong>Interpr\u00e9tariat et Traduction<\/strong> : Je propose des services d\u2019<strong>interpr\u00e9tariat<\/strong> et de <strong>traduction<\/strong> en <strong>Anglais <\/strong>et&nbsp;<strong>Fran\u00e7ais<\/strong>. Le service d\u2019interpr\u00e9tation principalement <strong>oral<\/strong> est celui du&nbsp;<strong>Tahitien<\/strong> vers l\u2019<strong>Anglais<\/strong> ou le <strong>Fran\u00e7ais<\/strong>. <br>Ce service d&#8217;interpr\u00e9tariat inclut les interpr\u00e9tations dans des contextes <strong>professionnels<\/strong>, culturels et sociaux.<\/p>\n<\/li>\n<li>\n<p><strong>Charg\u00e9e administrative<\/strong> : Pour ceux qui en ont besoin, je propose des services en tant que <strong>charg\u00e9e administrative<\/strong>, en vous offrant une <strong>gestion efficace<\/strong> et un <strong>suivi personnalis\u00e9<\/strong> de vos dossiers administratifs.<\/p>\n<\/li>\n<\/ol>\t\t\t\t\t\t\t\t<\/div>\n\t\t\t\t<\/div>\n\t\t\t\t\t<\/div>\n\t\t\t\t<\/div>\n\t\t\t\t<\/div>\n\t\t","protected":false},"excerpt":{"rendered":"<p>\u00c0 propos de Ruaragi Hivatii Remington Ia ora na e maeva! Je suis Ruaragi de Hivatii Remington, sp\u00e9cialis\u00e9e en formation professionnelle et en conciergerie de voyages. Depuis 2021, mon objectif est d\u2019aider les employ\u00e9s et entreprises \u00e0 am\u00e9liorer leurs comp\u00e9tences linguistiques en Anglais professionnel, tout en offrant des services de conciergerie de voyages haut de &hellip; <\/p>\n<p class=\"link-more\"><a href=\"https:\/\/hivatiiremington.com\/index.php\/about-me\/\" class=\"more-link\">Read more<span class=\"screen-reader-text\"> &#8220;ABOUT ME&#8221;<\/span><\/a><\/p>\n","protected":false},"author":1,"featured_media":0,"parent":0,"menu_order":0,"comment_status":"closed","ping_status":"closed","template":"","meta":{"inspiro_hide_title":false,"footnotes":""},"class_list":["post-58","page","type-page","status-publish","hentry"],"_links":{"self":[{"href":"https:\/\/hivatiiremington.com\/index.php\/wp-json\/wp\/v2\/pages\/58","targetHints":{"allow":["GET"]}}],"collection":[{"href":"https:\/\/hivatiiremington.com\/index.php\/wp-json\/wp\/v2\/pages"}],"about":[{"href":"https:\/\/hivatiiremington.com\/index.php\/wp-json\/wp\/v2\/types\/page"}],"author":[{"embeddable":true,"href":"https:\/\/hivatiiremington.com\/index.php\/wp-json\/wp\/v2\/users\/1"}],"replies":[{"embeddable":true,"href":"https:\/\/hivatiiremington.com\/index.php\/wp-json\/wp\/v2\/comments?post=58"}],"version-history":[{"count":4,"href":"https:\/\/hivatiiremington.com\/index.php\/wp-json\/wp\/v2\/pages\/58\/revisions"}],"predecessor-version":[{"id":63,"href":"https:\/\/hivatiiremington.com\/index.php\/wp-json\/wp\/v2\/pages\/58\/revisions\/63"}],"wp:attachment":[{"href":"https:\/\/hivatiiremington.com\/index.php\/wp-json\/wp\/v2\/media?parent=58"}],"curies":[{"name":"wp","href":"https:\/\/api.w.org\/{rel}","templated":true}]}}